{"id":27,"date":"2024-09-06T10:02:27","date_gmt":"2024-09-06T10:02:27","guid":{"rendered":"https:\/\/www.kuhmoistenpelimannit.fi\/?page_id=27"},"modified":"2026-04-10T07:02:59","modified_gmt":"2026-04-10T07:02:59","slug":"keikat","status":"publish","type":"page","link":"https:\/\/www.kuhmoistenpelimannit.fi\/?page_id=27","title":{"rendered":"Kev\u00e4tkonsertti 2026"},"content":{"rendered":"\n<p><\/p>\n\n\n\n<p>Kuhmoisten Pelimannien kev\u00e4tkonsertti j\u00e4rjestet\u00e4\u00e4n lauantaina 11.4.2026 klo 14.00 Kuhmolassa. Tervetuloa!<\/p>\n\n\n\n<figure class=\"wp-block-image size-large\"><img loading=\"lazy\" decoding=\"async\" width=\"724\" height=\"1024\" src=\"https:\/\/www.kuhmoistenpelimannit.fi\/wp-content\/uploads\/2026\/04\/WhatsApp-Image-2026-03-28-at-14.12.42-724x1024.jpeg\" alt=\"\" class=\"wp-image-116\" srcset=\"https:\/\/www.kuhmoistenpelimannit.fi\/wp-content\/uploads\/2026\/04\/WhatsApp-Image-2026-03-28-at-14.12.42-724x1024.jpeg 724w, https:\/\/www.kuhmoistenpelimannit.fi\/wp-content\/uploads\/2026\/04\/WhatsApp-Image-2026-03-28-at-14.12.42-212x300.jpeg 212w, https:\/\/www.kuhmoistenpelimannit.fi\/wp-content\/uploads\/2026\/04\/WhatsApp-Image-2026-03-28-at-14.12.42-768x1086.jpeg 768w, https:\/\/www.kuhmoistenpelimannit.fi\/wp-content\/uploads\/2026\/04\/WhatsApp-Image-2026-03-28-at-14.12.42-1086x1536.jpeg 1086w, https:\/\/www.kuhmoistenpelimannit.fi\/wp-content\/uploads\/2026\/04\/WhatsApp-Image-2026-03-28-at-14.12.42.jpeg 1131w\" sizes=\"(max-width: 724px) 100vw, 724px\" \/><\/figure>\n","protected":false},"excerpt":{"rendered":"<p>Kuhmoisten Pelimannien kev\u00e4tkonsertti j\u00e4rjestet\u00e4\u00e4n lauantaina 11.4.2026 klo 14.00 Kuhmolassa. Tervetuloa!<\/p>\n","protected":false},"author":1,"featured_media":0,"parent":0,"menu_order":0,"comment_status":"closed","ping_status":"closed","template":"","meta":{"footnotes":""},"class_list":["post-27","page","type-page","status-publish","hentry"],"yoast_head":"<!-- This site is optimized with the Yoast SEO plugin v25.6 - https:\/\/yoast.com\/wordpress\/plugins\/seo\/ -->\n<title>Kev\u00e4tkonsertti 2026 - Kuhmoisten Pelimannit<\/title>\n<meta name=\"robots\" content=\"index, follow, max-snippet:-1, max-image-preview:large, max-video-preview:-1\" \/>\n<link rel=\"canonical\" href=\"https:\/\/www.kuhmoistenpelimannit.fi\/?page_id=27\" \/>\n<meta property=\"og:locale\" content=\"fi_FI\" \/>\n<meta property=\"og:type\" content=\"article\" \/>\n<meta property=\"og:title\" content=\"Kev\u00e4tkonsertti 2026 - Kuhmoisten Pelimannit\" \/>\n<meta property=\"og:description\" content=\"Kuhmoisten Pelimannien kev\u00e4tkonsertti j\u00e4rjestet\u00e4\u00e4n lauantaina 11.4.2026 klo 14.00 Kuhmolassa. Tervetuloa!\" \/>\n<meta property=\"og:url\" content=\"https:\/\/www.kuhmoistenpelimannit.fi\/?page_id=27\" \/>\n<meta property=\"og:site_name\" content=\"Kuhmoisten Pelimannit\" \/>\n<meta property=\"article:publisher\" content=\"https:\/\/www.facebook.com\/profile.php?id=100092757518029\" \/>\n<meta property=\"article:modified_time\" content=\"2026-04-10T07:02:59+00:00\" \/>\n<meta property=\"og:image\" content=\"https:\/\/www.kuhmoistenpelimannit.fi\/wp-content\/uploads\/2026\/04\/WhatsApp-Image-2026-03-28-at-14.12.42-724x1024.jpeg\" \/>\n<meta name=\"twitter:card\" content=\"summary_large_image\" \/>\n<meta name=\"twitter:label1\" content=\"Arvioitu lukuaika\" \/>\n\t<meta name=\"twitter:data1\" content=\"1 minuutti\" \/>\n<script type=\"application\/ld+json\" class=\"yoast-schema-graph\">{\"@context\":\"https:\/\/schema.org\",\"@graph\":[{\"@type\":\"WebPage\",\"@id\":\"https:\/\/www.kuhmoistenpelimannit.fi\/?page_id=27\",\"url\":\"https:\/\/www.kuhmoistenpelimannit.fi\/?page_id=27\",\"name\":\"Kev\u00e4tkonsertti 2026 - Kuhmoisten Pelimannit\",\"isPartOf\":{\"@id\":\"https:\/\/www.kuhmoistenpelimannit.fi\/#website\"},\"primaryImageOfPage\":{\"@id\":\"https:\/\/www.kuhmoistenpelimannit.fi\/?page_id=27#primaryimage\"},\"image\":{\"@id\":\"https:\/\/www.kuhmoistenpelimannit.fi\/?page_id=27#primaryimage\"},\"thumbnailUrl\":\"https:\/\/www.kuhmoistenpelimannit.fi\/wp-content\/uploads\/2026\/04\/WhatsApp-Image-2026-03-28-at-14.12.42-724x1024.jpeg\",\"datePublished\":\"2024-09-06T10:02:27+00:00\",\"dateModified\":\"2026-04-10T07:02:59+00:00\",\"breadcrumb\":{\"@id\":\"https:\/\/www.kuhmoistenpelimannit.fi\/?page_id=27#breadcrumb\"},\"inLanguage\":\"fi\",\"potentialAction\":[{\"@type\":\"ReadAction\",\"target\":[\"https:\/\/www.kuhmoistenpelimannit.fi\/?page_id=27\"]}]},{\"@type\":\"ImageObject\",\"inLanguage\":\"fi\",\"@id\":\"https:\/\/www.kuhmoistenpelimannit.fi\/?page_id=27#primaryimage\",\"url\":\"https:\/\/www.kuhmoistenpelimannit.fi\/wp-content\/uploads\/2026\/04\/WhatsApp-Image-2026-03-28-at-14.12.42.jpeg\",\"contentUrl\":\"https:\/\/www.kuhmoistenpelimannit.fi\/wp-content\/uploads\/2026\/04\/WhatsApp-Image-2026-03-28-at-14.12.42.jpeg\",\"width\":1131,\"height\":1600},{\"@type\":\"BreadcrumbList\",\"@id\":\"https:\/\/www.kuhmoistenpelimannit.fi\/?page_id=27#breadcrumb\",\"itemListElement\":[{\"@type\":\"ListItem\",\"position\":1,\"name\":\"Etusivu\",\"item\":\"https:\/\/www.kuhmoistenpelimannit.fi\/\"},{\"@type\":\"ListItem\",\"position\":2,\"name\":\"Kev\u00e4tkonsertti 2026\"}]},{\"@type\":\"WebSite\",\"@id\":\"https:\/\/www.kuhmoistenpelimannit.fi\/#website\",\"url\":\"https:\/\/www.kuhmoistenpelimannit.fi\/\",\"name\":\"Kuhmoisten Pelimannit\",\"description\":\"Kuhmoisten Pelimannien verkkosivut\",\"publisher\":{\"@id\":\"https:\/\/www.kuhmoistenpelimannit.fi\/#organization\"},\"potentialAction\":[{\"@type\":\"SearchAction\",\"target\":{\"@type\":\"EntryPoint\",\"urlTemplate\":\"https:\/\/www.kuhmoistenpelimannit.fi\/?s={search_term_string}\"},\"query-input\":{\"@type\":\"PropertyValueSpecification\",\"valueRequired\":true,\"valueName\":\"search_term_string\"}}],\"inLanguage\":\"fi\"},{\"@type\":\"Organization\",\"@id\":\"https:\/\/www.kuhmoistenpelimannit.fi\/#organization\",\"name\":\"Kuhmoisten Pelimannit\",\"url\":\"https:\/\/www.kuhmoistenpelimannit.fi\/\",\"logo\":{\"@type\":\"ImageObject\",\"inLanguage\":\"fi\",\"@id\":\"https:\/\/www.kuhmoistenpelimannit.fi\/#\/schema\/logo\/image\/\",\"url\":\"https:\/\/www.kuhmoistenpelimannit.fi\/wp-content\/uploads\/2024\/09\/pelkkalogo.png\",\"contentUrl\":\"https:\/\/www.kuhmoistenpelimannit.fi\/wp-content\/uploads\/2024\/09\/pelkkalogo.png\",\"width\":1920,\"height\":1080,\"caption\":\"Kuhmoisten Pelimannit\"},\"image\":{\"@id\":\"https:\/\/www.kuhmoistenpelimannit.fi\/#\/schema\/logo\/image\/\"},\"sameAs\":[\"https:\/\/www.facebook.com\/profile.php?id=100092757518029\"]}]}<\/script>\n<!-- \/ Yoast SEO plugin. -->","yoast_head_json":{"title":"Kev\u00e4tkonsertti 2026 - Kuhmoisten Pelimannit","robots":{"index":"index","follow":"follow","max-snippet":"max-snippet:-1","max-image-preview":"max-image-preview:large","max-video-preview":"max-video-preview:-1"},"canonical":"https:\/\/www.kuhmoistenpelimannit.fi\/?page_id=27","og_locale":"fi_FI","og_type":"article","og_title":"Kev\u00e4tkonsertti 2026 - Kuhmoisten Pelimannit","og_description":"Kuhmoisten Pelimannien kev\u00e4tkonsertti j\u00e4rjestet\u00e4\u00e4n lauantaina 11.4.2026 klo 14.00 Kuhmolassa. Tervetuloa!","og_url":"https:\/\/www.kuhmoistenpelimannit.fi\/?page_id=27","og_site_name":"Kuhmoisten Pelimannit","article_publisher":"https:\/\/www.facebook.com\/profile.php?id=100092757518029","article_modified_time":"2026-04-10T07:02:59+00:00","og_image":[{"url":"https:\/\/www.kuhmoistenpelimannit.fi\/wp-content\/uploads\/2026\/04\/WhatsApp-Image-2026-03-28-at-14.12.42-724x1024.jpeg","type":"","width":"","height":""}],"twitter_card":"summary_large_image","twitter_misc":{"Arvioitu lukuaika":"1 minuutti"},"schema":{"@context":"https:\/\/schema.org","@graph":[{"@type":"WebPage","@id":"https:\/\/www.kuhmoistenpelimannit.fi\/?page_id=27","url":"https:\/\/www.kuhmoistenpelimannit.fi\/?page_id=27","name":"Kev\u00e4tkonsertti 2026 - Kuhmoisten Pelimannit","isPartOf":{"@id":"https:\/\/www.kuhmoistenpelimannit.fi\/#website"},"primaryImageOfPage":{"@id":"https:\/\/www.kuhmoistenpelimannit.fi\/?page_id=27#primaryimage"},"image":{"@id":"https:\/\/www.kuhmoistenpelimannit.fi\/?page_id=27#primaryimage"},"thumbnailUrl":"https:\/\/www.kuhmoistenpelimannit.fi\/wp-content\/uploads\/2026\/04\/WhatsApp-Image-2026-03-28-at-14.12.42-724x1024.jpeg","datePublished":"2024-09-06T10:02:27+00:00","dateModified":"2026-04-10T07:02:59+00:00","breadcrumb":{"@id":"https:\/\/www.kuhmoistenpelimannit.fi\/?page_id=27#breadcrumb"},"inLanguage":"fi","potentialAction":[{"@type":"ReadAction","target":["https:\/\/www.kuhmoistenpelimannit.fi\/?page_id=27"]}]},{"@type":"ImageObject","inLanguage":"fi","@id":"https:\/\/www.kuhmoistenpelimannit.fi\/?page_id=27#primaryimage","url":"https:\/\/www.kuhmoistenpelimannit.fi\/wp-content\/uploads\/2026\/04\/WhatsApp-Image-2026-03-28-at-14.12.42.jpeg","contentUrl":"https:\/\/www.kuhmoistenpelimannit.fi\/wp-content\/uploads\/2026\/04\/WhatsApp-Image-2026-03-28-at-14.12.42.jpeg","width":1131,"height":1600},{"@type":"BreadcrumbList","@id":"https:\/\/www.kuhmoistenpelimannit.fi\/?page_id=27#breadcrumb","itemListElement":[{"@type":"ListItem","position":1,"name":"Etusivu","item":"https:\/\/www.kuhmoistenpelimannit.fi\/"},{"@type":"ListItem","position":2,"name":"Kev\u00e4tkonsertti 2026"}]},{"@type":"WebSite","@id":"https:\/\/www.kuhmoistenpelimannit.fi\/#website","url":"https:\/\/www.kuhmoistenpelimannit.fi\/","name":"Kuhmoisten Pelimannit","description":"Kuhmoisten Pelimannien verkkosivut","publisher":{"@id":"https:\/\/www.kuhmoistenpelimannit.fi\/#organization"},"potentialAction":[{"@type":"SearchAction","target":{"@type":"EntryPoint","urlTemplate":"https:\/\/www.kuhmoistenpelimannit.fi\/?s={search_term_string}"},"query-input":{"@type":"PropertyValueSpecification","valueRequired":true,"valueName":"search_term_string"}}],"inLanguage":"fi"},{"@type":"Organization","@id":"https:\/\/www.kuhmoistenpelimannit.fi\/#organization","name":"Kuhmoisten Pelimannit","url":"https:\/\/www.kuhmoistenpelimannit.fi\/","logo":{"@type":"ImageObject","inLanguage":"fi","@id":"https:\/\/www.kuhmoistenpelimannit.fi\/#\/schema\/logo\/image\/","url":"https:\/\/www.kuhmoistenpelimannit.fi\/wp-content\/uploads\/2024\/09\/pelkkalogo.png","contentUrl":"https:\/\/www.kuhmoistenpelimannit.fi\/wp-content\/uploads\/2024\/09\/pelkkalogo.png","width":1920,"height":1080,"caption":"Kuhmoisten Pelimannit"},"image":{"@id":"https:\/\/www.kuhmoistenpelimannit.fi\/#\/schema\/logo\/image\/"},"sameAs":["https:\/\/www.facebook.com\/profile.php?id=100092757518029"]}]}},"_links":{"self":[{"href":"https:\/\/www.kuhmoistenpelimannit.fi\/index.php?rest_route=\/wp\/v2\/pages\/27"}],"collection":[{"href":"https:\/\/www.kuhmoistenpelimannit.fi\/index.php?rest_route=\/wp\/v2\/pages"}],"about":[{"href":"https:\/\/www.kuhmoistenpelimannit.fi\/index.php?rest_route=\/wp\/v2\/types\/page"}],"author":[{"embeddable":true,"href":"https:\/\/www.kuhmoistenpelimannit.fi\/index.php?rest_route=\/wp\/v2\/users\/1"}],"replies":[{"embeddable":true,"href":"https:\/\/www.kuhmoistenpelimannit.fi\/index.php?rest_route=%2Fwp%2Fv2%2Fcomments&post=27"}],"version-history":[{"count":14,"href":"https:\/\/www.kuhmoistenpelimannit.fi\/index.php?rest_route=\/wp\/v2\/pages\/27\/revisions"}],"predecessor-version":[{"id":117,"href":"https:\/\/www.kuhmoistenpelimannit.fi\/index.php?rest_route=\/wp\/v2\/pages\/27\/revisions\/117"}],"wp:attachment":[{"href":"https:\/\/www.kuhmoistenpelimannit.fi\/index.php?rest_route=%2Fwp%2Fv2%2Fmedia&parent=27"}],"curies":[{"name":"wp","href":"https:\/\/api.w.org\/{rel}","templated":true}]}}